{"id":104,"date":"2020-03-17T21:13:56","date_gmt":"2020-03-17T21:13:56","guid":{"rendered":"http:\/\/box5854.temp.domains\/~iskalica\/?page_id=104"},"modified":"2023-09-11T18:51:29","modified_gmt":"2023-09-11T18:51:29","slug":"principals","status":"publish","type":"page","link":"https:\/\/iskalicapital.com\/es\/principals\/","title":{"rendered":"Principals"},"content":{"rendered":"<div data-elementor-type=\"wp-page\" data-elementor-id=\"104\" class=\"elementor elementor-104\" data-elementor-post-type=\"page\">\n\t\t\t\t\t\t<section class=\"elementor-section elementor-top-section elementor-element elementor-element-46ff7526 elementor-section-height-min-height elementor-section-boxed elementor-section-height-default elementor-section-items-middle\" data-id=\"46ff7526\" data-element_type=\"section\" data-e-type=\"section\" data-settings=\"{&quot;background_background&quot;:&quot;classic&quot;}\">\n\t\t\t\t\t\t\t<div class=\"elementor-background-overlay\"><\/div>\n\t\t\t\t\t\t\t<div class=\"elementor-container elementor-column-gap-default\">\n\t\t\t\t\t<div class=\"elementor-column elementor-col-100 elementor-top-column elementor-element elementor-element-1acaec33\" data-id=\"1acaec33\" data-element_type=\"column\" data-e-type=\"column\">\n\t\t\t<div class=\"elementor-widget-wrap elementor-element-populated\">\n\t\t\t\t\t\t<div class=\"elementor-element elementor-element-71989c9 elementor-invisible elementor-widget elementor-widget-heading\" data-id=\"71989c9\" data-element_type=\"widget\" data-e-type=\"widget\" data-settings=\"{&quot;_animation&quot;:&quot;fadeInDown&quot;}\" data-widget_type=\"heading.default\">\n\t\t\t\t\t<h1 class=\"elementor-heading-title elementor-size-default\">PRINCIPALS<\/h1>\t\t\t\t<\/div>\n\t\t\t\t<div class=\"elementor-element elementor-element-8a157a2 elementor-widget elementor-widget-text-editor\" data-id=\"8a157a2\" data-element_type=\"widget\" data-e-type=\"widget\" data-widget_type=\"text-editor.default\">\n\t\t\t\t\t\t\t\t\t<p>We have built a robust network with commercial financial institutions and operational allies, in order to ensure maximum support to our clients.<\/p>\t\t\t\t\t\t\t\t<\/div>\n\t\t\t\t\t<\/div>\n\t\t<\/div>\n\t\t\t\t\t<\/div>\n\t\t<\/section>\n\t\t\t\t<section class=\"elementor-section elementor-top-section elementor-element elementor-element-36e454d7 elementor-section-boxed elementor-section-height-default elementor-section-height-default\" data-id=\"36e454d7\" data-element_type=\"section\" data-e-type=\"section\" data-settings=\"{&quot;background_background&quot;:&quot;classic&quot;}\">\n\t\t\t\t\t\t<div class=\"elementor-container elementor-column-gap-default\">\n\t\t\t\t\t<div class=\"elementor-column elementor-col-100 elementor-top-column elementor-element elementor-element-a6a25bb\" data-id=\"a6a25bb\" data-element_type=\"column\" data-e-type=\"column\">\n\t\t\t<div class=\"elementor-widget-wrap elementor-element-populated\">\n\t\t\t\t\t\t<div class=\"elementor-element elementor-element-50d44ae elementor-widget elementor-widget-text-editor\" data-id=\"50d44ae\" data-element_type=\"widget\" data-e-type=\"widget\" data-widget_type=\"text-editor.default\">\n\t\t\t\t\t\t\t\t\t<p>We are a multidisciplinary team with relevant track record in Developing Banking Services for Emerging Markets, and a deep industry and sector expertise.<\/p>\t\t\t\t\t\t\t\t<\/div>\n\t\t\t\t\t<\/div>\n\t\t<\/div>\n\t\t\t\t\t<\/div>\n\t\t<\/section>\n\t\t\t\t<section class=\"elementor-section elementor-top-section elementor-element elementor-element-1741ce56 elementor-section-boxed elementor-section-height-default elementor-section-height-default\" data-id=\"1741ce56\" data-element_type=\"section\" data-e-type=\"section\" data-settings=\"{&quot;background_background&quot;:&quot;classic&quot;}\">\n\t\t\t\t\t\t\t<div class=\"elementor-background-overlay\"><\/div>\n\t\t\t\t\t\t\t<div class=\"elementor-container elementor-column-gap-default\">\n\t\t\t\t\t<div class=\"elementor-column elementor-col-100 elementor-top-column elementor-element elementor-element-2e8551d\" data-id=\"2e8551d\" data-element_type=\"column\" data-e-type=\"column\">\n\t\t\t<div class=\"elementor-widget-wrap elementor-element-populated\">\n\t\t\t\t\t\t<div class=\"elementor-element elementor-element-e677b8d elementor-widget elementor-widget-text-editor\" data-id=\"e677b8d\" data-element_type=\"widget\" data-e-type=\"widget\" data-widget_type=\"text-editor.default\">\n\t\t\t\t\t\t\t\t\t<p>\u201dIskali Capital Group distinguishes itself by providing Developing Financing Services, with a sustainable value proposition in line to our clients long-term goals. ICG\u2019s holistic approach is based on innovative tailor-made solutions focusing on both, strong risk-adjusted returns and positive social impact in line with ESG principles and UN development goals\u201d.<\/p><h6 style=\"text-align: right;\">Gabriel Espa\u00f1a and Oscar R. D\u00edaz<\/h6>\t\t\t\t\t\t\t\t<\/div>\n\t\t\t\t\t<\/div>\n\t\t<\/div>\n\t\t\t\t\t<\/div>\n\t\t<\/section>\n\t\t\t\t<section class=\"elementor-section elementor-top-section elementor-element elementor-element-244754e1 elementor-section-boxed elementor-section-height-default elementor-section-height-default\" data-id=\"244754e1\" data-element_type=\"section\" data-e-type=\"section\" data-settings=\"{&quot;background_background&quot;:&quot;classic&quot;}\">\n\t\t\t\t\t\t<div class=\"elementor-container elementor-column-gap-extended\">\n\t\t\t\t\t<div class=\"elementor-column elementor-col-33 elementor-top-column elementor-element elementor-element-552d9994\" data-id=\"552d9994\" data-element_type=\"column\" data-e-type=\"column\">\n\t\t\t<div class=\"elementor-widget-wrap elementor-element-populated\">\n\t\t\t\t\t\t<div class=\"elementor-element elementor-element-123cdd97 elementor-widget elementor-widget-image\" data-id=\"123cdd97\" data-element_type=\"widget\" data-e-type=\"widget\" data-widget_type=\"image.default\">\n\t\t\t\t\t\t\t\t\t\t\t\t\t\t\t<img decoding=\"async\" src=\"https:\/\/iskalicapital.com\/wp-content\/uploads\/2020\/03\/gabriel-espana.png\" title=\"gabriel espana\" alt=\"gabriel espana\" loading=\"lazy\" \/>\t\t\t\t\t\t\t\t\t\t\t\t\t\t\t<\/div>\n\t\t\t\t<div class=\"elementor-element elementor-element-74d2ee40 elementor-align-center elementor-mobile-align-justify elementor-widget elementor-widget-button\" data-id=\"74d2ee40\" data-element_type=\"widget\" data-e-type=\"widget\" data-widget_type=\"button.default\">\n\t\t\t\t\t\t\t\t\t\t<a class=\"elementor-button elementor-button-link elementor-size-sm\" href=\"#\">\n\t\t\t\t\t\t<span class=\"elementor-button-content-wrapper\">\n\t\t\t\t\t\t\t\t\t<span class=\"elementor-button-text\">Contact<\/span>\n\t\t\t\t\t<\/span>\n\t\t\t\t\t<\/a>\n\t\t\t\t\t\t\t\t<\/div>\n\t\t\t\t\t<\/div>\n\t\t<\/div>\n\t\t\t\t<div class=\"elementor-column elementor-col-66 elementor-top-column elementor-element elementor-element-4ca9b3a2\" data-id=\"4ca9b3a2\" data-element_type=\"column\" data-e-type=\"column\">\n\t\t\t<div class=\"elementor-widget-wrap elementor-element-populated\">\n\t\t\t\t\t\t<div class=\"elementor-element elementor-element-3d6cedd2 elementor-widget elementor-widget-heading\" data-id=\"3d6cedd2\" data-element_type=\"widget\" data-e-type=\"widget\" data-widget_type=\"heading.default\">\n\t\t\t\t\t<h6 class=\"elementor-heading-title elementor-size-default\">Gabriel Espa\u00f1a\n<\/h6>\t\t\t\t<\/div>\n\t\t\t\t<div class=\"elementor-element elementor-element-394d91f elementor-widget elementor-widget-heading\" data-id=\"394d91f\" data-element_type=\"widget\" data-e-type=\"widget\" data-widget_type=\"heading.default\">\n\t\t\t\t\t<h6 class=\"elementor-heading-title elementor-size-default\">Managing Director \u2013 Washington DC, USA\n<\/h6>\t\t\t\t<\/div>\n\t\t\t\t<div class=\"elementor-element elementor-element-66c0be79 elementor-invisible elementor-widget elementor-widget-text-editor\" data-id=\"66c0be79\" data-element_type=\"widget\" data-e-type=\"widget\" data-settings=\"{&quot;_animation&quot;:&quot;fadeIn&quot;}\" data-widget_type=\"text-editor.default\">\n\t\t\t\t\t\t\t\t\t<p>Mr. Espa\u00f1a worked at the International Finance Corporation of the World Bank Group for more than 19 years becoming a Chief and Head of Manufacturing Agribusiness and Services in Latin America. Before that, he worked in Rothschild &amp; Co covering Investment Banking operations in Mexico, Colombia and Central America and in the Project Finance division of Citibank in Mexico. Mr. Espa\u00f1a has experience on financing fields for the following sectors in Emerging Markets: (i) Infrastructure. (ii) Commercial Real Estate, (ii) Tourism (hotel development), (iv) Manufacturing, (v) Health and Education and (vi) Agribusiness. He holds a bachelor\u2019s degree in Civil Engineering from Universidad Nacional Aut\u00f3noma de M\u00e9xico (UNAM), with the highest national honors, and a Master in Business Administration (MBA) from IPADE Business School (IPADE). He has worked on investment projects in over 40+ countries, and has authored articles on globalization, ESG, business ethics, and leadership published in global business magazines.<\/p>\t\t\t\t\t\t\t\t<\/div>\n\t\t\t\t\t<\/div>\n\t\t<\/div>\n\t\t\t\t\t<\/div>\n\t\t<\/section>\n\t\t\t\t<section class=\"elementor-section elementor-top-section elementor-element elementor-element-13cbd1b elementor-section-boxed elementor-section-height-default elementor-section-height-default\" data-id=\"13cbd1b\" data-element_type=\"section\" data-e-type=\"section\" data-settings=\"{&quot;background_background&quot;:&quot;classic&quot;}\">\n\t\t\t\t\t\t<div class=\"elementor-container elementor-column-gap-extended\">\n\t\t\t\t\t<div class=\"elementor-column elementor-col-33 elementor-top-column elementor-element elementor-element-b50b784\" data-id=\"b50b784\" data-element_type=\"column\" data-e-type=\"column\">\n\t\t\t<div class=\"elementor-widget-wrap elementor-element-populated\">\n\t\t\t\t\t\t<div class=\"elementor-element elementor-element-371f592 elementor-widget elementor-widget-image\" data-id=\"371f592\" data-element_type=\"widget\" data-e-type=\"widget\" data-widget_type=\"image.default\">\n\t\t\t\t\t\t\t\t\t\t\t\t\t\t\t<img decoding=\"async\" src=\"https:\/\/iskalicapital.com\/wp-content\/uploads\/2020\/03\/oscar-ruiz-1.jpg\" title=\"oscar ruiz\" alt=\"oscar ruiz\" loading=\"lazy\" \/>\t\t\t\t\t\t\t\t\t\t\t\t\t\t\t<\/div>\n\t\t\t\t<div class=\"elementor-element elementor-element-0c0f991 elementor-align-center elementor-mobile-align-justify elementor-widget elementor-widget-button\" data-id=\"0c0f991\" data-element_type=\"widget\" data-e-type=\"widget\" data-widget_type=\"button.default\">\n\t\t\t\t\t\t\t\t\t\t<a class=\"elementor-button elementor-button-link elementor-size-sm\" href=\"#\">\n\t\t\t\t\t\t<span class=\"elementor-button-content-wrapper\">\n\t\t\t\t\t\t\t\t\t<span class=\"elementor-button-text\">Contact<\/span>\n\t\t\t\t\t<\/span>\n\t\t\t\t\t<\/a>\n\t\t\t\t\t\t\t\t<\/div>\n\t\t\t\t\t<\/div>\n\t\t<\/div>\n\t\t\t\t<div class=\"elementor-column elementor-col-66 elementor-top-column elementor-element elementor-element-9fd8594\" data-id=\"9fd8594\" data-element_type=\"column\" data-e-type=\"column\">\n\t\t\t<div class=\"elementor-widget-wrap elementor-element-populated\">\n\t\t\t\t\t\t<div class=\"elementor-element elementor-element-3dffd95 elementor-widget elementor-widget-heading\" data-id=\"3dffd95\" data-element_type=\"widget\" data-e-type=\"widget\" data-widget_type=\"heading.default\">\n\t\t\t\t\t<h6 class=\"elementor-heading-title elementor-size-default\">Oscar R. D\u00edaz Flores\n<\/h6>\t\t\t\t<\/div>\n\t\t\t\t<div class=\"elementor-element elementor-element-85cafc4 elementor-widget elementor-widget-heading\" data-id=\"85cafc4\" data-element_type=\"widget\" data-e-type=\"widget\" data-widget_type=\"heading.default\">\n\t\t\t\t\t<h6 class=\"elementor-heading-title elementor-size-default\">Managing Director \u2013 Mexico City, Mexico\n<\/h6>\t\t\t\t<\/div>\n\t\t\t\t<div class=\"elementor-element elementor-element-21d4913 elementor-invisible elementor-widget elementor-widget-text-editor\" data-id=\"21d4913\" data-element_type=\"widget\" data-e-type=\"widget\" data-settings=\"{&quot;_animation&quot;:&quot;fadeIn&quot;}\" data-widget_type=\"text-editor.default\">\n\t\t\t\t\t\t\t\t\t<p>Mr. D\u00edaz is Founder and Managing Partner at Diestro, S. de R.L. de C.V. affiliate of Iskali Capital Group, an Investment Bank boutique with operations in Mexico and Colombia leading M&amp;A and Corporate Finance transactions in Mexico, Colombia, Peru and Argentina with combined value above USD$ 1 billion. Mr. D\u00edaz has participated in different private companies of Mexico and Central and South America as member of the board, as well as CEO and CFO generating value to their shareholders. Prior to that Mr. D\u00edaz worked in an international Law Firm and on the Workout Division and Project Finance division of Citibanamex . Mr. D\u00edaz earned an MBA from the Wharton Business School at the University of Pennsylvania, a Bachelor of Science in Economics from Instituto Tecnol\u00f3gico Aut\u00f3nomo de Mexico (ITAM) and a Law Degree at the Universidad Nacional Aut\u00f3noma de Mexico.<\/p>\t\t\t\t\t\t\t\t<\/div>\n\t\t\t\t\t<\/div>\n\t\t<\/div>\n\t\t\t\t\t<\/div>\n\t\t<\/section>\n\t\t\t\t<section class=\"elementor-section elementor-top-section elementor-element elementor-element-8a6cea4 elementor-section-boxed elementor-section-height-default elementor-section-height-default\" data-id=\"8a6cea4\" data-element_type=\"section\" data-e-type=\"section\" data-settings=\"{&quot;background_background&quot;:&quot;classic&quot;}\">\n\t\t\t\t\t\t<div class=\"elementor-container elementor-column-gap-extended\">\n\t\t\t\t\t<div class=\"elementor-column elementor-col-33 elementor-top-column elementor-element elementor-element-9df675b\" data-id=\"9df675b\" data-element_type=\"column\" data-e-type=\"column\">\n\t\t\t<div class=\"elementor-widget-wrap elementor-element-populated\">\n\t\t\t\t\t\t<div class=\"elementor-element elementor-element-ffcdc5d elementor-widget elementor-widget-image\" data-id=\"ffcdc5d\" data-element_type=\"widget\" data-e-type=\"widget\" data-widget_type=\"image.default\">\n\t\t\t\t\t\t\t\t\t\t\t\t\t\t\t<img decoding=\"async\" src=\"https:\/\/iskalicapital.com\/wp-content\/uploads\/2020\/09\/Bio-Photo-Stoiljkovic_Nena_Dec-2017.jpg\" title=\"Bio Photo Stoiljkovic_Nena_Dec 2017\" alt=\"Bio Photo Stoiljkovic_Nena_Dec 2017\" loading=\"lazy\" \/>\t\t\t\t\t\t\t\t\t\t\t\t\t\t\t<\/div>\n\t\t\t\t<div class=\"elementor-element elementor-element-d1a5bb6 elementor-align-center elementor-mobile-align-justify elementor-widget elementor-widget-button\" data-id=\"d1a5bb6\" data-element_type=\"widget\" data-e-type=\"widget\" data-widget_type=\"button.default\">\n\t\t\t\t\t\t\t\t\t\t<a class=\"elementor-button elementor-button-link elementor-size-sm\" href=\"#\">\n\t\t\t\t\t\t<span class=\"elementor-button-content-wrapper\">\n\t\t\t\t\t\t\t\t\t<span class=\"elementor-button-text\">Contact<\/span>\n\t\t\t\t\t<\/span>\n\t\t\t\t\t<\/a>\n\t\t\t\t\t\t\t\t<\/div>\n\t\t\t\t\t<\/div>\n\t\t<\/div>\n\t\t\t\t<div class=\"elementor-column elementor-col-66 elementor-top-column elementor-element elementor-element-49ad98c\" data-id=\"49ad98c\" data-element_type=\"column\" data-e-type=\"column\">\n\t\t\t<div class=\"elementor-widget-wrap elementor-element-populated\">\n\t\t\t\t\t\t<div class=\"elementor-element elementor-element-b845384 elementor-widget elementor-widget-heading\" data-id=\"b845384\" data-element_type=\"widget\" data-e-type=\"widget\" data-widget_type=\"heading.default\">\n\t\t\t\t\t<h6 class=\"elementor-heading-title elementor-size-default\">NENA STOILJKOVIC\n<\/h6>\t\t\t\t<\/div>\n\t\t\t\t<div class=\"elementor-element elementor-element-b1c8cc8 elementor-widget elementor-widget-heading\" data-id=\"b1c8cc8\" data-element_type=\"widget\" data-e-type=\"widget\" data-widget_type=\"heading.default\">\n\t\t\t\t\t<h6 class=\"elementor-heading-title elementor-size-default\">Former Vice President\nAsia and Pacific, International Finance Corporation (IFC)\n\n<\/h6>\t\t\t\t<\/div>\n\t\t\t\t<div class=\"elementor-element elementor-element-0b1b600 elementor-invisible elementor-widget elementor-widget-text-editor\" data-id=\"0b1b600\" data-element_type=\"widget\" data-e-type=\"widget\" data-settings=\"{&quot;_animation&quot;:&quot;fadeIn&quot;}\" data-widget_type=\"text-editor.default\">\n\t\t\t\t\t\t\t\t\t<p>Nena\u00a0Stoiljkovic\u00a0is former IFC\u2019s Vice President for Asia and Pacific.\u00a0In this capacity, Ms. Stoiljkovic is responsible for all IFC operations in the region. She has global\u00a0experience in development issues such as climate change, gender, and fragile and conflict-affected situations including through her recent role as Vice President of Blended Finance and Partnerships.<\/p><p>Ms. Stoiljkovic has a track record of promoting development finance innovation in a variety of leadership roles at IFC. Most recently, she\u00a0played a key part in the corporation&#8217;s efforts to build a new architecture for development finance with\u00a0other\u00a0institutions, governments, and the private sector. She\u00a0helped shape the World Bank Group strategy, working with the International Development Association (IDA) on a pioneering private sector window to catalyze greater private investment in low-income and conflict-affected countries.<\/p><p>Earlier, Ms. Stoiljkovic co-led the establishment of the World Bank Group&#8217;s Global Practices and Cross-cutting Solutions Areas. In this role, she brought private sector experience into the process of harnessing global expertise to help government clients tackle development challenges. This expertise combined with strong operational experience in IFC\u2019s investment and advisory businesses through her roles as a co-Vice President of IFC Operations, Vice President of Advisory Services, and Director of the Europe and Central Asia region.<\/p><p>Ms. Stoiljkovic\u00a0joined IFC in 1995 as an Investment Officer. Prior to that, she worked as a consultant at the Economic Institute of Belgrade. She holds an MBA from the London Business School.<\/p>\t\t\t\t\t\t\t\t<\/div>\n\t\t\t\t\t<\/div>\n\t\t<\/div>\n\t\t\t\t\t<\/div>\n\t\t<\/section>\n\t\t\t\t<section class=\"elementor-section elementor-top-section elementor-element elementor-element-591b1fb elementor-section-stretched elementor-section-full_width elementor-section-height-default elementor-section-height-default\" data-id=\"591b1fb\" data-element_type=\"section\" data-e-type=\"section\" data-settings=\"{&quot;stretch_section&quot;:&quot;section-stretched&quot;}\">\n\t\t\t\t\t\t<div class=\"elementor-container elementor-column-gap-default\">\n\t\t\t\t\t<div class=\"elementor-column elementor-col-100 elementor-top-column elementor-element elementor-element-541302c\" data-id=\"541302c\" data-element_type=\"column\" data-e-type=\"column\">\n\t\t\t<div class=\"elementor-widget-wrap elementor-element-populated\">\n\t\t\t\t\t\t<div class=\"elementor-element elementor-element-49ccce8 elementor-invisible elementor-widget elementor-widget-heading\" data-id=\"49ccce8\" data-element_type=\"widget\" data-e-type=\"widget\" data-settings=\"{&quot;_animation&quot;:&quot;fadeInDown&quot;}\" data-widget_type=\"heading.default\">\n\t\t\t\t\t<h1 class=\"elementor-heading-title elementor-size-default\">Where We Are <\/h1>\t\t\t\t<\/div>\n\t\t\t\t\t<\/div>\n\t\t<\/div>\n\t\t\t\t\t<\/div>\n\t\t<\/section>\n\t\t\t\t<\/div>","protected":false},"excerpt":{"rendered":"<p>PRINCIPALS We have built a robust network with commercial financial institutions and operational allies, in order to ensure maximum support to our clients. We are a multidisciplinary team with relevant track record in Developing Banking Services for Emerging Markets, and a deep industry and sector expertise. \u201dIskali Capital Group distinguishes itself by providing Developing Financing [&hellip;]<\/p>\n","protected":false},"author":1,"featured_media":0,"parent":0,"menu_order":0,"comment_status":"closed","ping_status":"closed","template":"elementor_header_footer","meta":{"_acf_changed":false,"footnotes":""},"class_list":["post-104","page","type-page","status-publish","hentry"],"acf":[],"_links":{"self":[{"href":"https:\/\/iskalicapital.com\/es\/wp-json\/wp\/v2\/pages\/104","targetHints":{"allow":["GET"]}}],"collection":[{"href":"https:\/\/iskalicapital.com\/es\/wp-json\/wp\/v2\/pages"}],"about":[{"href":"https:\/\/iskalicapital.com\/es\/wp-json\/wp\/v2\/types\/page"}],"author":[{"embeddable":true,"href":"https:\/\/iskalicapital.com\/es\/wp-json\/wp\/v2\/users\/1"}],"replies":[{"embeddable":true,"href":"https:\/\/iskalicapital.com\/es\/wp-json\/wp\/v2\/comments?post=104"}],"version-history":[{"count":5,"href":"https:\/\/iskalicapital.com\/es\/wp-json\/wp\/v2\/pages\/104\/revisions"}],"predecessor-version":[{"id":468,"href":"https:\/\/iskalicapital.com\/es\/wp-json\/wp\/v2\/pages\/104\/revisions\/468"}],"wp:attachment":[{"href":"https:\/\/iskalicapital.com\/es\/wp-json\/wp\/v2\/media?parent=104"}],"curies":[{"name":"wp","href":"https:\/\/api.w.org\/{rel}","templated":true}]}}